{"id":37,"date":"2024-04-15T10:02:30","date_gmt":"2024-04-15T10:02:30","guid":{"rendered":"https:\/\/excavaolivo.com\/?page_id=37"},"modified":"2024-04-17T13:41:51","modified_gmt":"2024-04-17T13:41:51","slug":"trabajos-agricolas","status":"publish","type":"page","link":"https:\/\/excavaolivo.com\/?page_id=37","title":{"rendered":"Trabajos Agr\u00edcolas"},"content":{"rendered":"\n\n\n\n\n<p>Trabajos agr\u00edcolas de preparaci\u00f3n y renovaci\u00f3n de fincas, como subsolado, desfonde, desmontes y allanamiento de terrenos, trabajos de excavaciones para riegos y nuevas plantaciones, riegos, etc. Pida presupuesto sin compromiso<\/p>\n","protected":false},"excerpt":{"rendered":"<p>Trabajos agr\u00edcolas de preparaci\u00f3n y renovaci\u00f3n de fincas, como subsolado, desfonde, desmontes y allanamiento de terrenos, trabajos de excavaciones para riegos y nuevas plantaciones, riegos, etc. Pida presupuesto sin compromiso<\/p>\n","protected":false},"author":2,"featured_media":0,"parent":0,"menu_order":7,"comment_status":"closed","ping_status":"closed","template":"","meta":{"footnotes":""},"class_list":["post-37","page","type-page","status-publish","hentry"],"_links":{"self":[{"href":"https:\/\/excavaolivo.com\/index.php?rest_route=\/wp\/v2\/pages\/37","targetHints":{"allow":["GET"]}}],"collection":[{"href":"https:\/\/excavaolivo.com\/index.php?rest_route=\/wp\/v2\/pages"}],"about":[{"href":"https:\/\/excavaolivo.com\/index.php?rest_route=\/wp\/v2\/types\/page"}],"author":[{"embeddable":true,"href":"https:\/\/excavaolivo.com\/index.php?rest_route=\/wp\/v2\/users\/2"}],"replies":[{"embeddable":true,"href":"https:\/\/excavaolivo.com\/index.php?rest_route=%2Fwp%2Fv2%2Fcomments&post=37"}],"version-history":[{"count":3,"href":"https:\/\/excavaolivo.com\/index.php?rest_route=\/wp\/v2\/pages\/37\/revisions"}],"predecessor-version":[{"id":163,"href":"https:\/\/excavaolivo.com\/index.php?rest_route=\/wp\/v2\/pages\/37\/revisions\/163"}],"wp:attachment":[{"href":"https:\/\/excavaolivo.com\/index.php?rest_route=%2Fwp%2Fv2%2Fmedia&parent=37"}],"curies":[{"name":"wp","href":"https:\/\/api.w.org\/{rel}","templated":true}]}}