{"id":35,"date":"2024-04-15T10:01:09","date_gmt":"2024-04-15T10:01:09","guid":{"rendered":"https:\/\/excavaolivo.com\/?page_id=35"},"modified":"2024-04-17T13:38:43","modified_gmt":"2024-04-17T13:38:43","slug":"demoliciones","status":"publish","type":"page","link":"https:\/\/excavaolivo.com\/?page_id=35","title":{"rendered":"Demoliciones"},"content":{"rendered":"\n\n\n\n\n<p>Trabajo de demoliciones manuales \u00f3 mec\u00e1nicas, con amplio abanico de maquinaria para trabajos de dif\u00edcil acceso as\u00ed como maquinaria pesada para trabajos de envergadura.<\/p>\n","protected":false},"excerpt":{"rendered":"<p>Trabajo de demoliciones manuales \u00f3 mec\u00e1nicas, con amplio abanico de maquinaria para trabajos de dif\u00edcil acceso as\u00ed como maquinaria pesada para trabajos de envergadura.<\/p>\n","protected":false},"author":2,"featured_media":0,"parent":0,"menu_order":5,"comment_status":"closed","ping_status":"closed","template":"","meta":{"footnotes":""},"class_list":["post-35","page","type-page","status-publish","hentry"],"_links":{"self":[{"href":"https:\/\/excavaolivo.com\/index.php?rest_route=\/wp\/v2\/pages\/35","targetHints":{"allow":["GET"]}}],"collection":[{"href":"https:\/\/excavaolivo.com\/index.php?rest_route=\/wp\/v2\/pages"}],"about":[{"href":"https:\/\/excavaolivo.com\/index.php?rest_route=\/wp\/v2\/types\/page"}],"author":[{"embeddable":true,"href":"https:\/\/excavaolivo.com\/index.php?rest_route=\/wp\/v2\/users\/2"}],"replies":[{"embeddable":true,"href":"https:\/\/excavaolivo.com\/index.php?rest_route=%2Fwp%2Fv2%2Fcomments&post=35"}],"version-history":[{"count":3,"href":"https:\/\/excavaolivo.com\/index.php?rest_route=\/wp\/v2\/pages\/35\/revisions"}],"predecessor-version":[{"id":159,"href":"https:\/\/excavaolivo.com\/index.php?rest_route=\/wp\/v2\/pages\/35\/revisions\/159"}],"wp:attachment":[{"href":"https:\/\/excavaolivo.com\/index.php?rest_route=%2Fwp%2Fv2%2Fmedia&parent=35"}],"curies":[{"name":"wp","href":"https:\/\/api.w.org\/{rel}","templated":true}]}}