{"id":30,"date":"2024-04-15T09:58:51","date_gmt":"2024-04-15T09:58:51","guid":{"rendered":"https:\/\/excavaolivo.com\/?page_id=30"},"modified":"2024-04-16T10:40:16","modified_gmt":"2024-04-16T10:40:16","slug":"empresa","status":"publish","type":"page","link":"https:\/\/excavaolivo.com\/?page_id=30","title":{"rendered":"Empresa"},"content":{"rendered":"\n<p>Empresa fundada en 1983, nace en su inicio dedicada la fabricaci\u00f3n de le\u00f1a de olivo y con el paso del tiempo ha ido a\u00f1adiendo diferentes servicios como la venta de olivos centenarios, movimientos de tierra, obra civil, demoliciones, instalaci\u00f3n y limpieza de fosas s\u00e9pticas, trabajos agr\u00edcolas y riegos, fabricaci\u00f3n de escolleras y gaviones y la diversificaci\u00f3n del mercado de le\u00f1a en su diferentes tipos, as\u00ed la fabricaci\u00f3n biomasa de le\u00f1a olivo con sus diferentes usos. Nos avalan 41 a\u00f1os de experiencia en el mercado y una larga trayectoria profesional.<\/p>\n","protected":false},"excerpt":{"rendered":"<p>Empresa fundada en 1983, nace en su inicio dedicada la fabricaci\u00f3n de le\u00f1a de olivo y con el paso del tiempo ha ido a\u00f1adiendo diferentes servicios como la venta de olivos centenarios, movimientos de tierra, obra civil, demoliciones, instalaci\u00f3n y limpieza de fosas s\u00e9pticas, trabajos agr\u00edcolas y riegos, fabricaci\u00f3n de escolleras y gaviones y la<span class=\"post-excerpt-end\">&hellip;<\/span><\/p>\n<p class=\"more-link\"><a href=\"https:\/\/excavaolivo.com\/?page_id=30\" class=\"themebutton\">Leer m\u00e1s<\/a><\/p>\n","protected":false},"author":2,"featured_media":0,"parent":0,"menu_order":0,"comment_status":"closed","ping_status":"closed","template":"","meta":{"footnotes":""},"class_list":["post-30","page","type-page","status-publish","hentry"],"_links":{"self":[{"href":"https:\/\/excavaolivo.com\/index.php?rest_route=\/wp\/v2\/pages\/30","targetHints":{"allow":["GET"]}}],"collection":[{"href":"https:\/\/excavaolivo.com\/index.php?rest_route=\/wp\/v2\/pages"}],"about":[{"href":"https:\/\/excavaolivo.com\/index.php?rest_route=\/wp\/v2\/types\/page"}],"author":[{"embeddable":true,"href":"https:\/\/excavaolivo.com\/index.php?rest_route=\/wp\/v2\/users\/2"}],"replies":[{"embeddable":true,"href":"https:\/\/excavaolivo.com\/index.php?rest_route=%2Fwp%2Fv2%2Fcomments&post=30"}],"version-history":[{"count":2,"href":"https:\/\/excavaolivo.com\/index.php?rest_route=\/wp\/v2\/pages\/30\/revisions"}],"predecessor-version":[{"id":118,"href":"https:\/\/excavaolivo.com\/index.php?rest_route=\/wp\/v2\/pages\/30\/revisions\/118"}],"wp:attachment":[{"href":"https:\/\/excavaolivo.com\/index.php?rest_route=%2Fwp%2Fv2%2Fmedia&parent=30"}],"curies":[{"name":"wp","href":"https:\/\/api.w.org\/{rel}","templated":true}]}}