{"id":17,"date":"2024-04-01T13:52:40","date_gmt":"2024-04-01T13:52:40","guid":{"rendered":"https:\/\/excavaolivo.com\/?page_id=17"},"modified":"2024-05-04T09:25:53","modified_gmt":"2024-05-04T09:25:53","slug":"lena","status":"publish","type":"page","link":"https:\/\/excavaolivo.com\/?page_id=17","title":{"rendered":"Le\u00f1a\/Biomasa"},"content":{"rendered":"\n\n\n\n\n<p>-Venta de le\u00f1a al por mayor en tr\u00e1iler como al peque\u00f1o consumidor en carritos, big-bag o sacos. Fabricamos le\u00f1a picada-revuelta, le\u00f1a de tala \u00f3 poda, le\u00f1a para artesan\u00eda, biomasa de le\u00f1a de olivo, as\u00ed como encargos espec\u00edficos. P\u00eddanos presupuesto sin compromiso.<\/p>\n\n\n\n<p>-Enviamos desde Baena (C\u00f3rdoba) a toda Andaluc\u00eda y Espa\u00f1a.<\/p>\n\n\n\n<p>Pida su presupuesto <a href=\"https:\/\/excavaolivo.com\/?page_id=39\" data-type=\"page\" data-id=\"39\">aqu\u00ed<\/a><\/p>\n","protected":false},"excerpt":{"rendered":"<p>-Venta de le\u00f1a al por mayor en tr\u00e1iler como al peque\u00f1o consumidor en carritos, big-bag o sacos. Fabricamos le\u00f1a picada-revuelta, le\u00f1a de tala \u00f3 poda, le\u00f1a para artesan\u00eda, biomasa de le\u00f1a de olivo, as\u00ed como encargos espec\u00edficos. P\u00eddanos presupuesto sin compromiso. -Enviamos desde Baena (C\u00f3rdoba) a toda Andaluc\u00eda y Espa\u00f1a. Pida su presupuesto aqu\u00ed<\/p>\n","protected":false},"author":2,"featured_media":0,"parent":0,"menu_order":2,"comment_status":"closed","ping_status":"closed","template":"","meta":{"footnotes":""},"class_list":["post-17","page","type-page","status-publish","hentry"],"_links":{"self":[{"href":"https:\/\/excavaolivo.com\/index.php?rest_route=\/wp\/v2\/pages\/17","targetHints":{"allow":["GET"]}}],"collection":[{"href":"https:\/\/excavaolivo.com\/index.php?rest_route=\/wp\/v2\/pages"}],"about":[{"href":"https:\/\/excavaolivo.com\/index.php?rest_route=\/wp\/v2\/types\/page"}],"author":[{"embeddable":true,"href":"https:\/\/excavaolivo.com\/index.php?rest_route=\/wp\/v2\/users\/2"}],"replies":[{"embeddable":true,"href":"https:\/\/excavaolivo.com\/index.php?rest_route=%2Fwp%2Fv2%2Fcomments&post=17"}],"version-history":[{"count":15,"href":"https:\/\/excavaolivo.com\/index.php?rest_route=\/wp\/v2\/pages\/17\/revisions"}],"predecessor-version":[{"id":295,"href":"https:\/\/excavaolivo.com\/index.php?rest_route=\/wp\/v2\/pages\/17\/revisions\/295"}],"wp:attachment":[{"href":"https:\/\/excavaolivo.com\/index.php?rest_route=%2Fwp%2Fv2%2Fmedia&parent=17"}],"curies":[{"name":"wp","href":"https:\/\/api.w.org\/{rel}","templated":true}]}}